{"id":468,"date":"2024-08-04T15:53:06","date_gmt":"2024-08-04T15:53:06","guid":{"rendered":"https:\/\/islandswithz.com\/?page_id=468"},"modified":"2025-04-13T15:05:08","modified_gmt":"2025-04-13T15:05:08","slug":"travels","status":"publish","type":"page","link":"https:\/\/islandswithz.com\/en\/travels\/","title":{"rendered":"Travels"},"content":{"rendered":"<p><\/p><div \t\tclass=\"sc_portfolio sc_portfolio_qw-chess\"><div class=\"sc_portfolio_columns_wrap sc_item_columns sc_item_posts_container trx_addons_columns_wrap columns_padding_bottom grid_wrap_2 columns_in_single_row\"><div class=\"trx_addons_column-1_2\"><div data-post-id=\"945\" class=\"sc_portfolio_item sc_item_container post_container\">\r\n\t<div class=\"post_featured with_thumb hover_link sc_portfolio_item_thumb\"><img data-recalc-dims=\"1\" fetchpriority=\"high\" decoding=\"async\" width=\"1290\" height=\"727\" src=\"https:\/\/i0.wp.com\/islandswithz.com\/wp-content\/uploads\/2026\/01\/Kameralna-wyprawa-na-Filipiny-Siargao-Wersja-Chill-lub-Active.png?resize=1290%2C727&#038;ssl=1\" class=\"attachment-belicia-thumb-beliciamasonry-big size-belicia-thumb-beliciamasonry-big wp-post-image\" alt=\"Kameralna wyprawa na Filipiny - Siargao - Wersja Chill lub Active\" srcset=\"https:\/\/i0.wp.com\/islandswithz.com\/wp-content\/uploads\/2026\/01\/Kameralna-wyprawa-na-Filipiny-Siargao-Wersja-Chill-lub-Active.png?w=1640&amp;ssl=1 1640w, https:\/\/i0.wp.com\/islandswithz.com\/wp-content\/uploads\/2026\/01\/Kameralna-wyprawa-na-Filipiny-Siargao-Wersja-Chill-lub-Active.png?resize=300%2C169&amp;ssl=1 300w, https:\/\/i0.wp.com\/islandswithz.com\/wp-content\/uploads\/2026\/01\/Kameralna-wyprawa-na-Filipiny-Siargao-Wersja-Chill-lub-Active.png?resize=1024%2C577&amp;ssl=1 1024w, https:\/\/i0.wp.com\/islandswithz.com\/wp-content\/uploads\/2026\/01\/Kameralna-wyprawa-na-Filipiny-Siargao-Wersja-Chill-lub-Active.png?resize=768%2C433&amp;ssl=1 768w, https:\/\/i0.wp.com\/islandswithz.com\/wp-content\/uploads\/2026\/01\/Kameralna-wyprawa-na-Filipiny-Siargao-Wersja-Chill-lub-Active.png?resize=1536%2C865&amp;ssl=1 1536w, https:\/\/i0.wp.com\/islandswithz.com\/wp-content\/uploads\/2026\/01\/Kameralna-wyprawa-na-Filipiny-Siargao-Wersja-Chill-lub-Active.png?resize=18%2C10&amp;ssl=1 18w, https:\/\/i0.wp.com\/islandswithz.com\/wp-content\/uploads\/2026\/01\/Kameralna-wyprawa-na-Filipiny-Siargao-Wersja-Chill-lub-Active.png?resize=370%2C208&amp;ssl=1 370w, https:\/\/i0.wp.com\/islandswithz.com\/wp-content\/uploads\/2026\/01\/Kameralna-wyprawa-na-Filipiny-Siargao-Wersja-Chill-lub-Active.png?resize=840%2C473&amp;ssl=1 840w, https:\/\/i0.wp.com\/islandswithz.com\/wp-content\/uploads\/2026\/01\/Kameralna-wyprawa-na-Filipiny-Siargao-Wersja-Chill-lub-Active.png?resize=410%2C231&amp;ssl=1 410w, https:\/\/i0.wp.com\/islandswithz.com\/wp-content\/uploads\/2026\/01\/Kameralna-wyprawa-na-Filipiny-Siargao-Wersja-Chill-lub-Active.png?resize=600%2C338&amp;ssl=1 600w, https:\/\/i0.wp.com\/islandswithz.com\/wp-content\/uploads\/2026\/01\/Kameralna-wyprawa-na-Filipiny-Siargao-Wersja-Chill-lub-Active.png?resize=270%2C152&amp;ssl=1 270w\" sizes=\"(max-width: 1290px) 100vw, 1290px\" \/>\t\t\t\t\t\t<div class=\"mask\"><\/div>\n\t\t\t\t\t\t\t\t\t<a href=\"https:\/\/islandswithz.com\/en\/portfolio\/siargao-filipiny-chill-active-edition\/\"  aria-hidden=\"true\" class=\"link\"><\/a>\n\t\t\t<\/div><div class=\"sc_portfolio_item_content\">\r\n\t<h5 class=\"post_title\"><a href=\"https:\/\/islandswithz.com\/en\/portfolio\/siargao-filipiny-chill-active-edition\/\">Kameralna wyprawa na Filipiny &#8211; Siargao &#8211; Wersja Chill lub Active<\/a><\/h5>\r\n<\/div>\r\n\t\r\n<\/div><\/div><div class=\"trx_addons_column-1_2\"><div data-post-id=\"718\" class=\"sc_portfolio_item sc_item_container post_container\">\r\n\t<div class=\"post_featured with_thumb hover_link sc_portfolio_item_thumb\"><img data-recalc-dims=\"1\" decoding=\"async\" width=\"1290\" height=\"727\" src=\"https:\/\/i0.wp.com\/islandswithz.com\/wp-content\/uploads\/2025\/04\/Warsztaty-Na-Filipinach-dla-Milosnikow-Psow.png?resize=1290%2C727&#038;ssl=1\" class=\"attachment-belicia-thumb-beliciamasonry-big size-belicia-thumb-beliciamasonry-big wp-post-image\" alt=\"Warsztaty Na Filipinach dla Mi\u0142os\u0301niko\u0301w Pso\u0301w\" srcset=\"https:\/\/i0.wp.com\/islandswithz.com\/wp-content\/uploads\/2025\/04\/Warsztaty-Na-Filipinach-dla-Milosnikow-Psow.png?w=1340&amp;ssl=1 1340w, https:\/\/i0.wp.com\/islandswithz.com\/wp-content\/uploads\/2025\/04\/Warsztaty-Na-Filipinach-dla-Milosnikow-Psow.png?resize=300%2C169&amp;ssl=1 300w, https:\/\/i0.wp.com\/islandswithz.com\/wp-content\/uploads\/2025\/04\/Warsztaty-Na-Filipinach-dla-Milosnikow-Psow.png?resize=1024%2C577&amp;ssl=1 1024w, https:\/\/i0.wp.com\/islandswithz.com\/wp-content\/uploads\/2025\/04\/Warsztaty-Na-Filipinach-dla-Milosnikow-Psow.png?resize=768%2C433&amp;ssl=1 768w, https:\/\/i0.wp.com\/islandswithz.com\/wp-content\/uploads\/2025\/04\/Warsztaty-Na-Filipinach-dla-Milosnikow-Psow.png?resize=18%2C10&amp;ssl=1 18w, https:\/\/i0.wp.com\/islandswithz.com\/wp-content\/uploads\/2025\/04\/Warsztaty-Na-Filipinach-dla-Milosnikow-Psow.png?resize=370%2C208&amp;ssl=1 370w, https:\/\/i0.wp.com\/islandswithz.com\/wp-content\/uploads\/2025\/04\/Warsztaty-Na-Filipinach-dla-Milosnikow-Psow.png?resize=840%2C473&amp;ssl=1 840w, https:\/\/i0.wp.com\/islandswithz.com\/wp-content\/uploads\/2025\/04\/Warsztaty-Na-Filipinach-dla-Milosnikow-Psow.png?resize=410%2C231&amp;ssl=1 410w, https:\/\/i0.wp.com\/islandswithz.com\/wp-content\/uploads\/2025\/04\/Warsztaty-Na-Filipinach-dla-Milosnikow-Psow.png?resize=600%2C338&amp;ssl=1 600w, https:\/\/i0.wp.com\/islandswithz.com\/wp-content\/uploads\/2025\/04\/Warsztaty-Na-Filipinach-dla-Milosnikow-Psow.png?resize=270%2C152&amp;ssl=1 270w\" sizes=\"(max-width: 1290px) 100vw, 1290px\" \/>\t\t\t\t\t\t<div class=\"mask\"><\/div>\n\t\t\t\t\t\t\t\t\t<a href=\"https:\/\/islandswithz.com\/en\/portfolio\/holistyczna-podroz-na-filipiny-dla-milosnikow-psow\/\"  aria-hidden=\"true\" class=\"link\"><\/a>\n\t\t\t<\/div><div class=\"sc_portfolio_item_content\">\r\n\t<h5 class=\"post_title\"><a href=\"https:\/\/islandswithz.com\/en\/portfolio\/holistyczna-podroz-na-filipiny-dla-milosnikow-psow\/\">Holistyczna Podr\u00f3\u017c na Filipiny dla Mi\u0142o\u015bnik\u00f3w Ps\u00f3w<\/a><\/h5>\r\n<\/div>\r\n\t\r\n<\/div><\/div><\/div><\/div><p><\/p><p><\/p>","protected":false},"excerpt":{"rendered":"","protected":false},"author":1,"featured_media":0,"parent":0,"menu_order":0,"comment_status":"closed","ping_status":"closed","template":"","meta":{"jetpack_post_was_ever_published":false,"footnotes":""},"class_list":["post-468","page","type-page","status-publish","hentry"],"yoast_head":"<!-- This site is optimized with the Yoast SEO plugin v24.8.1 - https:\/\/yoast.com\/wordpress\/plugins\/seo\/ -->\n<title>Podr\u00f3\u017ce - Islands with Z<\/title>\n<meta name=\"robots\" content=\"index, follow, max-snippet:-1, max-image-preview:large, max-video-preview:-1\" \/>\n<link rel=\"canonical\" href=\"https:\/\/islandswithz.com\/en\/travels\/\" \/>\n<meta property=\"og:locale\" content=\"en_GB\" \/>\n<meta property=\"og:type\" content=\"article\" \/>\n<meta property=\"og:title\" content=\"Podr\u00f3\u017ce - Islands with Z\" \/>\n<meta property=\"og:url\" content=\"https:\/\/islandswithz.com\/en\/travels\/\" \/>\n<meta property=\"og:site_name\" content=\"Islands with Z\" \/>\n<meta property=\"article:publisher\" content=\"https:\/\/www.facebook.com\/islands.with.z\" \/>\n<meta property=\"article:modified_time\" content=\"2025-04-13T15:05:08+00:00\" \/>\n<meta name=\"twitter:card\" content=\"summary_large_image\" \/>\n<script type=\"application\/ld+json\" class=\"yoast-schema-graph\">{\"@context\":\"https:\/\/schema.org\",\"@graph\":[{\"@type\":\"WebPage\",\"@id\":\"https:\/\/islandswithz.com\/travels\/\",\"url\":\"https:\/\/islandswithz.com\/travels\/\",\"name\":\"Podr\u00f3\u017ce - Islands with Z\",\"isPartOf\":{\"@id\":\"https:\/\/islandswithz.com\/#website\"},\"datePublished\":\"2024-08-04T15:53:06+00:00\",\"dateModified\":\"2025-04-13T15:05:08+00:00\",\"breadcrumb\":{\"@id\":\"https:\/\/islandswithz.com\/travels\/#breadcrumb\"},\"inLanguage\":\"en-GB\",\"potentialAction\":[{\"@type\":\"ReadAction\",\"target\":[\"https:\/\/islandswithz.com\/travels\/\"]}]},{\"@type\":\"BreadcrumbList\",\"@id\":\"https:\/\/islandswithz.com\/travels\/#breadcrumb\",\"itemListElement\":[{\"@type\":\"ListItem\",\"position\":1,\"name\":\"Home\",\"item\":\"https:\/\/islandswithz.com\/\"},{\"@type\":\"ListItem\",\"position\":2,\"name\":\"Podr\u00f3\u017ce\"}]},{\"@type\":\"WebSite\",\"@id\":\"https:\/\/islandswithz.com\/#website\",\"url\":\"https:\/\/islandswithz.com\/\",\"name\":\"Islands with Z\",\"description\":\"Podr\u00f3\u017ce na Filipiny\",\"publisher\":{\"@id\":\"https:\/\/islandswithz.com\/#organization\"},\"potentialAction\":[{\"@type\":\"SearchAction\",\"target\":{\"@type\":\"EntryPoint\",\"urlTemplate\":\"https:\/\/islandswithz.com\/?s={search_term_string}\"},\"query-input\":{\"@type\":\"PropertyValueSpecification\",\"valueRequired\":true,\"valueName\":\"search_term_string\"}}],\"inLanguage\":\"en-GB\"},{\"@type\":\"Organization\",\"@id\":\"https:\/\/islandswithz.com\/#organization\",\"name\":\"Islands with Z\",\"url\":\"https:\/\/islandswithz.com\/\",\"logo\":{\"@type\":\"ImageObject\",\"inLanguage\":\"en-GB\",\"@id\":\"https:\/\/islandswithz.com\/#\/schema\/logo\/image\/\",\"url\":\"https:\/\/i0.wp.com\/islandswithz.com\/wp-content\/uploads\/2024\/05\/cropped-Islands-With-Z.png?fit=512%2C512&ssl=1\",\"contentUrl\":\"https:\/\/i0.wp.com\/islandswithz.com\/wp-content\/uploads\/2024\/05\/cropped-Islands-With-Z.png?fit=512%2C512&ssl=1\",\"width\":512,\"height\":512,\"caption\":\"Islands with Z\"},\"image\":{\"@id\":\"https:\/\/islandswithz.com\/#\/schema\/logo\/image\/\"},\"sameAs\":[\"https:\/\/www.facebook.com\/islands.with.z\",\"https:\/\/www.tiktok.com\/@islandswithz\",\"https:\/\/www.youtube.com\/@IslandswithZ\",\"https:\/\/www.instagram.com\/islands.with.z\"]}]}<\/script>\n<!-- \/ Yoast SEO plugin. -->","yoast_head_json":{"title":"Podr\u00f3\u017ce - Islands with Z","robots":{"index":"index","follow":"follow","max-snippet":"max-snippet:-1","max-image-preview":"max-image-preview:large","max-video-preview":"max-video-preview:-1"},"canonical":"https:\/\/islandswithz.com\/en\/travels\/","og_locale":"en_GB","og_type":"article","og_title":"Podr\u00f3\u017ce - Islands with Z","og_url":"https:\/\/islandswithz.com\/en\/travels\/","og_site_name":"Islands with Z","article_publisher":"https:\/\/www.facebook.com\/islands.with.z","article_modified_time":"2025-04-13T15:05:08+00:00","twitter_card":"summary_large_image","schema":{"@context":"https:\/\/schema.org","@graph":[{"@type":"WebPage","@id":"https:\/\/islandswithz.com\/travels\/","url":"https:\/\/islandswithz.com\/travels\/","name":"Podr\u00f3\u017ce - Islands with Z","isPartOf":{"@id":"https:\/\/islandswithz.com\/#website"},"datePublished":"2024-08-04T15:53:06+00:00","dateModified":"2025-04-13T15:05:08+00:00","breadcrumb":{"@id":"https:\/\/islandswithz.com\/travels\/#breadcrumb"},"inLanguage":"en-GB","potentialAction":[{"@type":"ReadAction","target":["https:\/\/islandswithz.com\/travels\/"]}]},{"@type":"BreadcrumbList","@id":"https:\/\/islandswithz.com\/travels\/#breadcrumb","itemListElement":[{"@type":"ListItem","position":1,"name":"Home","item":"https:\/\/islandswithz.com\/"},{"@type":"ListItem","position":2,"name":"Podr\u00f3\u017ce"}]},{"@type":"WebSite","@id":"https:\/\/islandswithz.com\/#website","url":"https:\/\/islandswithz.com\/","name":"Islands with Z","description":"Podr\u00f3\u017ce na Filipiny","publisher":{"@id":"https:\/\/islandswithz.com\/#organization"},"potentialAction":[{"@type":"SearchAction","target":{"@type":"EntryPoint","urlTemplate":"https:\/\/islandswithz.com\/?s={search_term_string}"},"query-input":{"@type":"PropertyValueSpecification","valueRequired":true,"valueName":"search_term_string"}}],"inLanguage":"en-GB"},{"@type":"Organization","@id":"https:\/\/islandswithz.com\/#organization","name":"Islands with Z","url":"https:\/\/islandswithz.com\/","logo":{"@type":"ImageObject","inLanguage":"en-GB","@id":"https:\/\/islandswithz.com\/#\/schema\/logo\/image\/","url":"https:\/\/i0.wp.com\/islandswithz.com\/wp-content\/uploads\/2024\/05\/cropped-Islands-With-Z.png?fit=512%2C512&ssl=1","contentUrl":"https:\/\/i0.wp.com\/islandswithz.com\/wp-content\/uploads\/2024\/05\/cropped-Islands-With-Z.png?fit=512%2C512&ssl=1","width":512,"height":512,"caption":"Islands with Z"},"image":{"@id":"https:\/\/islandswithz.com\/#\/schema\/logo\/image\/"},"sameAs":["https:\/\/www.facebook.com\/islands.with.z","https:\/\/www.tiktok.com\/@islandswithz","https:\/\/www.youtube.com\/@IslandswithZ","https:\/\/www.instagram.com\/islands.with.z"]}]}},"jetpack_sharing_enabled":true,"_links":{"self":[{"href":"https:\/\/islandswithz.com\/en\/wp-json\/wp\/v2\/pages\/468"}],"collection":[{"href":"https:\/\/islandswithz.com\/en\/wp-json\/wp\/v2\/pages"}],"about":[{"href":"https:\/\/islandswithz.com\/en\/wp-json\/wp\/v2\/types\/page"}],"author":[{"embeddable":true,"href":"https:\/\/islandswithz.com\/en\/wp-json\/wp\/v2\/users\/1"}],"replies":[{"embeddable":true,"href":"https:\/\/islandswithz.com\/en\/wp-json\/wp\/v2\/comments?post=468"}],"version-history":[{"count":7,"href":"https:\/\/islandswithz.com\/en\/wp-json\/wp\/v2\/pages\/468\/revisions"}],"predecessor-version":[{"id":877,"href":"https:\/\/islandswithz.com\/en\/wp-json\/wp\/v2\/pages\/468\/revisions\/877"}],"wp:attachment":[{"href":"https:\/\/islandswithz.com\/en\/wp-json\/wp\/v2\/media?parent=468"}],"curies":[{"name":"wp","href":"https:\/\/api.w.org\/{rel}","templated":true}]}}