{"id":463,"date":"2024-08-04T15:45:38","date_gmt":"2024-08-04T15:45:38","guid":{"rendered":"https:\/\/islandswithz.com\/?page_id=463"},"modified":"2025-04-05T15:16:03","modified_gmt":"2025-04-05T15:16:03","slug":"about-us","status":"publish","type":"page","link":"https:\/\/islandswithz.com\/en\/about-us\/","title":{"rendered":"About us"},"content":{"rendered":"<div data-elementor-type=\"wp-page\" data-elementor-id=\"463\" class=\"elementor elementor-463\">\n\t\t\t\t<div class=\"elementor-element elementor-element-c362f5a e-flex e-con-boxed sc_inner_width_none sc_layouts_column_icons_position_left e-con e-parent\" data-id=\"c362f5a\" data-element_type=\"container\">\n\t\t\t\t\t<div class=\"e-con-inner\">\n\t\t\t\t<div class=\"elementor-element elementor-element-07cf29c sc_fly_static elementor-widget elementor-widget-spacer\" data-id=\"07cf29c\" data-element_type=\"widget\" data-widget_type=\"spacer.default\">\n\t\t\t\t<div class=\"elementor-widget-container\">\n\t\t\t<style>\/*! elementor - v3.23.0 - 25-07-2024 *\/\n.elementor-column .elementor-spacer-inner{height:var(--spacer-size)}.e-con{--container-widget-width:100%}.e-con-inner>.elementor-widget-spacer,.e-con>.elementor-widget-spacer{width:var(--container-widget-width,var(--spacer-size));--align-self:var(--container-widget-align-self,initial);--flex-shrink:0}.e-con-inner>.elementor-widget-spacer>.elementor-widget-container,.e-con>.elementor-widget-spacer>.elementor-widget-container{height:100%;width:100%}.e-con-inner>.elementor-widget-spacer>.elementor-widget-container>.elementor-spacer,.e-con>.elementor-widget-spacer>.elementor-widget-container>.elementor-spacer{height:100%}.e-con-inner>.elementor-widget-spacer>.elementor-widget-container>.elementor-spacer>.elementor-spacer-inner,.e-con>.elementor-widget-spacer>.elementor-widget-container>.elementor-spacer>.elementor-spacer-inner{height:var(--container-widget-height,var(--spacer-size))}.e-con-inner>.elementor-widget-spacer.elementor-widget-empty,.e-con>.elementor-widget-spacer.elementor-widget-empty{position:relative;min-height:22px;min-width:22px}.e-con-inner>.elementor-widget-spacer.elementor-widget-empty .elementor-widget-empty-icon,.e-con>.elementor-widget-spacer.elementor-widget-empty .elementor-widget-empty-icon{position:absolute;top:0;bottom:0;left:0;right:0;margin:auto;padding:0;width:22px;height:22px}<\/style>\t\t<div class=\"elementor-spacer\">\n\t\t\t<div class=\"elementor-spacer-inner\"><\/div>\n\t\t<\/div>\n\t\t\t\t<\/div>\n\t\t\t\t<\/div>\n\t\t\t\t\t<\/div>\n\t\t\t\t<\/div>\n\t\t<div class=\"elementor-element elementor-element-5b2547a e-flex e-con-boxed sc_inner_width_none sc_layouts_column_icons_position_left e-con e-parent\" data-id=\"5b2547a\" data-element_type=\"container\">\n\t\t\t\t\t<div class=\"e-con-inner\">\n\t\t\t\t<div class=\"elementor-element elementor-element-beeda4e sc_fly_static elementor-widget elementor-widget-trx_sc_team\" data-id=\"beeda4e\" data-element_type=\"widget\" data-widget_type=\"trx_sc_team.default\">\n\t\t\t\t<div class=\"elementor-widget-container\">\n\t\t\t<div \t\tclass=\"sc_team sc_team_plain\"><div class=\"sc_team_columns_wrap sc_item_columns sc_item_posts_container trx_addons_columns_wrap columns_padding_bottom\"><div class=\"trx_addons_column-1_3\"><div data-post-id=\"49\" class=\"sc_team_item sc_item_container post_container no_links has_post_thumbnail  post-49 cpt_team type-cpt_team status-publish has-post-thumbnail hentry\">\n\t<div class=\"post_featured post_featured_bg sc_team_item_thumb trx_addons_hover trx_addons_hover_style_info_anim\"><span class=\"post_thumb\" style=\"background-image: url(https:\/\/i0.wp.com\/islandswithz.com\/wp-content\/uploads\/2024\/05\/Zyd-Francis-Abila-1-scaled.jpg?resize=570%2C696&#038;ssl=1)\"><\/span><div class=\"trx_addons_hover_team\"><h4 class=\"sc_team_item_title entry-title trx_addons_hover_title\"><a href=\"https:\/\/islandswithz.com\/en\/team\/zyd-francis-abila\/\">Zyd-Francis Abila<\/a><\/h4><div class=\"sc_team_item_subtitle trx_addons_hover_title\">Opieka po angielsku i Tagalog<\/div><div class=\"sc_team_item_socials socials_wrap trx_addons_hover_info\"><a target=\"_blank\" href=\"https:\/\/www.facebook.com\/THEZYDABILA\" class=\"social_item social_item_style_icons sc_icon_type_icons social_item_type_names\"><span class=\"social_name social_facebook-1\">Facebook<\/span><\/a><a target=\"_blank\" href=\"https:\/\/www.instagram.com\/thezyd\" class=\"social_item social_item_style_icons sc_icon_type_icons social_item_type_names\"><span class=\"social_name social_instagram\">Instagram<\/span><\/a><\/div><\/div><a class=\"post_link sc_team_item_link\" href=\"https:\/\/islandswithz.com\/en\/team\/zyd-francis-abila\/\"><\/a><div class=\"trx_addons_hover_mask\"><\/div><\/div><\/div>\n<\/div><div class=\"trx_addons_column-1_3\"><div data-post-id=\"50\" class=\"sc_team_item sc_item_container post_container no_links has_post_thumbnail  post-50 cpt_team type-cpt_team status-publish has-post-thumbnail hentry\">\n\t<div class=\"post_featured post_featured_bg sc_team_item_thumb trx_addons_hover trx_addons_hover_style_info_anim\"><span class=\"post_thumb\" style=\"background-image: url(https:\/\/i0.wp.com\/islandswithz.com\/wp-content\/uploads\/2024\/05\/Zaneta-Baran-1-scaled.jpg?resize=570%2C696&#038;ssl=1)\"><\/span><div class=\"trx_addons_hover_team\"><h4 class=\"sc_team_item_title entry-title trx_addons_hover_title\"><a href=\"https:\/\/islandswithz.com\/en\/team\/zaneta-patrycja-baran\/\">Zaneta Patrycja Baran<\/a><\/h4><div class=\"sc_team_item_subtitle trx_addons_hover_title\">Opieka po polsku i angielsku<\/div><div class=\"sc_team_item_socials socials_wrap trx_addons_hover_info\"><a target=\"_blank\" href=\"https:\/\/www.facebook.com\/zanetabarancom\" class=\"social_item social_item_style_icons sc_icon_type_icons social_item_type_names\"><span class=\"social_name social_facebook-1\">Facebook<\/span><\/a><a target=\"_blank\" href=\"https:\/\/www.instagram.com\/zanetabarancom\" class=\"social_item social_item_style_icons sc_icon_type_icons social_item_type_names\"><span class=\"social_name social_instagram\">Instagram<\/span><\/a><\/div><\/div><a class=\"post_link sc_team_item_link\" href=\"https:\/\/islandswithz.com\/en\/team\/zaneta-patrycja-baran\/\"><\/a><div class=\"trx_addons_hover_mask\"><\/div><\/div><\/div>\n<\/div><div class=\"trx_addons_column-1_3\"><div data-post-id=\"521\" class=\"sc_team_item sc_item_container post_container no_links has_post_thumbnail  post-521 cpt_team type-cpt_team status-publish has-post-thumbnail hentry\">\n\t<div class=\"post_featured post_featured_bg sc_team_item_thumb trx_addons_hover trx_addons_hover_style_info_anim\"><span class=\"post_thumb\" style=\"background-image: url(https:\/\/i0.wp.com\/islandswithz.com\/wp-content\/uploads\/2025\/02\/Zakupy.jpg?resize=570%2C696&#038;ssl=1)\"><\/span><div class=\"trx_addons_hover_team\"><h4 class=\"sc_team_item_title entry-title trx_addons_hover_title\"><a href=\"https:\/\/islandswithz.com\/en\/team\/katarzyna-ciolczyk\/\">Katarzyna Ciolczyk<\/a><\/h4><div class=\"sc_team_item_subtitle trx_addons_hover_title\">Prowadz\u0105ca warsztaty<\/div><div class=\"sc_team_item_socials socials_wrap trx_addons_hover_info\"><a target=\"_blank\" href=\"https:\/\/www.facebook.com\/JogaKundaliniYK\" class=\"social_item social_item_style_icons sc_icon_type_icons social_item_type_names\"><span class=\"social_name social_facebook\">Facebook<\/span><\/a><a target=\"_blank\" href=\"https:\/\/www.instagram.com\/kasiaciolczyk\/\" class=\"social_item social_item_style_icons sc_icon_type_icons social_item_type_names\"><span class=\"social_name social_instagram\">Instagram<\/span><\/a><\/div><\/div><a class=\"post_link sc_team_item_link\" href=\"https:\/\/islandswithz.com\/en\/team\/katarzyna-ciolczyk\/\"><\/a><div class=\"trx_addons_hover_mask\"><\/div><\/div><\/div>\n<\/div><div class=\"trx_addons_column-1_3\"><div data-post-id=\"566\" class=\"sc_team_item sc_item_container post_container no_links has_post_thumbnail  post-566 cpt_team type-cpt_team status-publish has-post-thumbnail hentry\">\n\t<div class=\"post_featured post_featured_bg sc_team_item_thumb trx_addons_hover trx_addons_hover_style_info_anim\"><span class=\"post_thumb\" style=\"background-image: url(https:\/\/i0.wp.com\/islandswithz.com\/wp-content\/uploads\/2025\/02\/Agata-Marglewska-Ametyst-Studio-scaled.jpg?resize=570%2C696&#038;ssl=1)\"><\/span><div class=\"trx_addons_hover_team\"><h4 class=\"sc_team_item_title entry-title trx_addons_hover_title\"><a href=\"https:\/\/islandswithz.com\/en\/team\/agata-marglewska\/\">Agata Marglewska<\/a><\/h4><div class=\"sc_team_item_subtitle trx_addons_hover_title\">Prowadz\u0105ca warsztaty<\/div><div class=\"sc_team_item_socials socials_wrap trx_addons_hover_info\"><a target=\"_blank\" href=\"https:\/\/www.facebook.com\/AmetystStudio\" class=\"social_item social_item_style_icons sc_icon_type_icons social_item_type_names\"><span class=\"social_name social_facebook-1\">Facebook<\/span><\/a><a target=\"_blank\" href=\"https:\/\/www.instagram.com\/ametyst_studio\/\" class=\"social_item social_item_style_icons sc_icon_type_icons social_item_type_names\"><span class=\"social_name social_instagram\">Instagram<\/span><\/a><\/div><\/div><a class=\"post_link sc_team_item_link\" href=\"https:\/\/islandswithz.com\/en\/team\/agata-marglewska\/\"><\/a><div class=\"trx_addons_hover_mask\"><\/div><\/div><\/div>\n<\/div><div class=\"trx_addons_column-1_3\"><div data-post-id=\"725\" class=\"sc_team_item sc_item_container post_container no_links has_post_thumbnail  post-725 cpt_team type-cpt_team status-publish has-post-thumbnail hentry\">\n\t<div class=\"post_featured post_featured_bg sc_team_item_thumb trx_addons_hover trx_addons_hover_style_info_anim\"><span class=\"post_thumb\" style=\"background-image: url(https:\/\/i0.wp.com\/islandswithz.com\/wp-content\/uploads\/2025\/04\/Kaatrzyna-Nowicka-2.jpg?resize=570%2C696&#038;ssl=1)\"><\/span><div class=\"trx_addons_hover_team\"><h4 class=\"sc_team_item_title entry-title trx_addons_hover_title\"><a href=\"https:\/\/islandswithz.com\/en\/team\/katarzyna-nowicka\/\">Katarzyna Nowicka<\/a><\/h4><div class=\"sc_team_item_subtitle trx_addons_hover_title\">Prowadz\u0105ca warsztaty<\/div><div class=\"sc_team_item_socials socials_wrap trx_addons_hover_info\"><a target=\"_blank\" href=\"https:\/\/www.facebook.com\/psamiswoi\" class=\"social_item social_item_style_icons sc_icon_type_icons social_item_type_names\"><span class=\"social_name social_facebook-1\">Facebook-1<\/span><\/a><a target=\"_blank\" href=\"https:\/\/www.instagram.com\/psamiswoi\" class=\"social_item social_item_style_icons sc_icon_type_icons social_item_type_names\"><span class=\"social_name social_instagram\">Instagram<\/span><\/a><\/div><\/div><a class=\"post_link sc_team_item_link\" href=\"https:\/\/islandswithz.com\/en\/team\/katarzyna-nowicka\/\"><\/a><div class=\"trx_addons_hover_mask\"><\/div><\/div><\/div>\n<\/div><\/div><\/div>\t\t<\/div>\n\t\t\t\t<\/div>\n\t\t\t\t<div class=\"elementor-element elementor-element-efa27d8 sc_fly_static elementor-widget elementor-widget-spacer\" data-id=\"efa27d8\" data-element_type=\"widget\" data-widget_type=\"spacer.default\">\n\t\t\t\t<div class=\"elementor-widget-container\">\n\t\t\t\t\t<div class=\"elementor-spacer\">\n\t\t\t<div class=\"elementor-spacer-inner\"><\/div>\n\t\t<\/div>\n\t\t\t\t<\/div>\n\t\t\t\t<\/div>\n\t\t\t\t\t<\/div>\n\t\t\t\t<\/div>\n\t\t\t\t<\/div>","protected":false},"excerpt":{"rendered":"<p>Zyd-Francis Abila Opieka po angielsku i TagalogFacebookInstagram \u017baneta Patrycja Baran Opieka po polsku i angielskuFacebookInstagram Katarzyna Cio\u0142czyk Prowadz\u0105ca warsztatyFacebookInstagram Agata Marglewska Prowadz\u0105ca warsztatyFacebookInstagram Katarzyna Nowicka Prowadz\u0105ca warsztatyFacebook-1Instagram<\/p>","protected":false},"author":1,"featured_media":0,"parent":0,"menu_order":0,"comment_status":"closed","ping_status":"closed","template":"","meta":{"jetpack_post_was_ever_published":false,"footnotes":""},"class_list":["post-463","page","type-page","status-publish","hentry"],"yoast_head":"<!-- This site is optimized with the Yoast SEO plugin v24.8.1 - https:\/\/yoast.com\/wordpress\/plugins\/seo\/ -->\n<title>Poznaj nas - Islands with Z<\/title>\n<meta name=\"robots\" content=\"index, follow, max-snippet:-1, max-image-preview:large, max-video-preview:-1\" \/>\n<link rel=\"canonical\" href=\"https:\/\/islandswithz.com\/en\/about-us\/\" \/>\n<meta property=\"og:locale\" content=\"en_GB\" \/>\n<meta property=\"og:type\" content=\"article\" \/>\n<meta property=\"og:title\" content=\"Poznaj nas - Islands with Z\" \/>\n<meta property=\"og:description\" content=\"Zyd-Francis Abila Opieka po angielsku i TagalogFacebookInstagram \u017baneta Patrycja Baran Opieka po polsku i angielskuFacebookInstagram Katarzyna Cio\u0142czyk Prowadz\u0105ca warsztatyFacebookInstagram Agata Marglewska Prowadz\u0105ca warsztatyFacebookInstagram Katarzyna Nowicka Prowadz\u0105ca warsztatyFacebook-1Instagram\" \/>\n<meta property=\"og:url\" content=\"https:\/\/islandswithz.com\/en\/about-us\/\" \/>\n<meta property=\"og:site_name\" content=\"Islands with Z\" \/>\n<meta property=\"article:publisher\" content=\"https:\/\/www.facebook.com\/islands.with.z\" \/>\n<meta property=\"article:modified_time\" content=\"2025-04-05T15:16:03+00:00\" \/>\n<meta name=\"twitter:card\" content=\"summary_large_image\" \/>\n<meta name=\"twitter:label1\" content=\"Estimated reading time\" \/>\n\t<meta name=\"twitter:data1\" content=\"1 minute\" \/>\n<script type=\"application\/ld+json\" class=\"yoast-schema-graph\">{\"@context\":\"https:\/\/schema.org\",\"@graph\":[{\"@type\":\"WebPage\",\"@id\":\"https:\/\/islandswithz.com\/en\/about-us\/\",\"url\":\"https:\/\/islandswithz.com\/en\/about-us\/\",\"name\":\"Poznaj nas - Islands with Z\",\"isPartOf\":{\"@id\":\"https:\/\/islandswithz.com\/#website\"},\"datePublished\":\"2024-08-04T15:45:38+00:00\",\"dateModified\":\"2025-04-05T15:16:03+00:00\",\"breadcrumb\":{\"@id\":\"https:\/\/islandswithz.com\/en\/about-us\/#breadcrumb\"},\"inLanguage\":\"en-GB\",\"potentialAction\":[{\"@type\":\"ReadAction\",\"target\":[\"https:\/\/islandswithz.com\/en\/about-us\/\"]}]},{\"@type\":\"BreadcrumbList\",\"@id\":\"https:\/\/islandswithz.com\/en\/about-us\/#breadcrumb\",\"itemListElement\":[{\"@type\":\"ListItem\",\"position\":1,\"name\":\"Home\",\"item\":\"https:\/\/islandswithz.com\/\"},{\"@type\":\"ListItem\",\"position\":2,\"name\":\"Poznaj nas\"}]},{\"@type\":\"WebSite\",\"@id\":\"https:\/\/islandswithz.com\/#website\",\"url\":\"https:\/\/islandswithz.com\/\",\"name\":\"Islands with Z\",\"description\":\"Podr\u00f3\u017ce na Filipiny\",\"publisher\":{\"@id\":\"https:\/\/islandswithz.com\/#organization\"},\"potentialAction\":[{\"@type\":\"SearchAction\",\"target\":{\"@type\":\"EntryPoint\",\"urlTemplate\":\"https:\/\/islandswithz.com\/?s={search_term_string}\"},\"query-input\":{\"@type\":\"PropertyValueSpecification\",\"valueRequired\":true,\"valueName\":\"search_term_string\"}}],\"inLanguage\":\"en-GB\"},{\"@type\":\"Organization\",\"@id\":\"https:\/\/islandswithz.com\/#organization\",\"name\":\"Islands with Z\",\"url\":\"https:\/\/islandswithz.com\/\",\"logo\":{\"@type\":\"ImageObject\",\"inLanguage\":\"en-GB\",\"@id\":\"https:\/\/islandswithz.com\/#\/schema\/logo\/image\/\",\"url\":\"https:\/\/i0.wp.com\/islandswithz.com\/wp-content\/uploads\/2024\/05\/cropped-Islands-With-Z.png?fit=512%2C512&ssl=1\",\"contentUrl\":\"https:\/\/i0.wp.com\/islandswithz.com\/wp-content\/uploads\/2024\/05\/cropped-Islands-With-Z.png?fit=512%2C512&ssl=1\",\"width\":512,\"height\":512,\"caption\":\"Islands with Z\"},\"image\":{\"@id\":\"https:\/\/islandswithz.com\/#\/schema\/logo\/image\/\"},\"sameAs\":[\"https:\/\/www.facebook.com\/islands.with.z\",\"https:\/\/www.tiktok.com\/@islandswithz\",\"https:\/\/www.youtube.com\/@IslandswithZ\",\"https:\/\/www.instagram.com\/islands.with.z\"]}]}<\/script>\n<!-- \/ Yoast SEO plugin. -->","yoast_head_json":{"title":"Poznaj nas - Islands with Z","robots":{"index":"index","follow":"follow","max-snippet":"max-snippet:-1","max-image-preview":"max-image-preview:large","max-video-preview":"max-video-preview:-1"},"canonical":"https:\/\/islandswithz.com\/en\/about-us\/","og_locale":"en_GB","og_type":"article","og_title":"Poznaj nas - Islands with Z","og_description":"Zyd-Francis Abila Opieka po angielsku i TagalogFacebookInstagram \u017baneta Patrycja Baran Opieka po polsku i angielskuFacebookInstagram Katarzyna Cio\u0142czyk Prowadz\u0105ca warsztatyFacebookInstagram Agata Marglewska Prowadz\u0105ca warsztatyFacebookInstagram Katarzyna Nowicka Prowadz\u0105ca warsztatyFacebook-1Instagram","og_url":"https:\/\/islandswithz.com\/en\/about-us\/","og_site_name":"Islands with Z","article_publisher":"https:\/\/www.facebook.com\/islands.with.z","article_modified_time":"2025-04-05T15:16:03+00:00","twitter_card":"summary_large_image","twitter_misc":{"Estimated reading time":"1 minute"},"schema":{"@context":"https:\/\/schema.org","@graph":[{"@type":"WebPage","@id":"https:\/\/islandswithz.com\/en\/about-us\/","url":"https:\/\/islandswithz.com\/en\/about-us\/","name":"Poznaj nas - Islands with Z","isPartOf":{"@id":"https:\/\/islandswithz.com\/#website"},"datePublished":"2024-08-04T15:45:38+00:00","dateModified":"2025-04-05T15:16:03+00:00","breadcrumb":{"@id":"https:\/\/islandswithz.com\/en\/about-us\/#breadcrumb"},"inLanguage":"en-GB","potentialAction":[{"@type":"ReadAction","target":["https:\/\/islandswithz.com\/en\/about-us\/"]}]},{"@type":"BreadcrumbList","@id":"https:\/\/islandswithz.com\/en\/about-us\/#breadcrumb","itemListElement":[{"@type":"ListItem","position":1,"name":"Home","item":"https:\/\/islandswithz.com\/"},{"@type":"ListItem","position":2,"name":"Poznaj nas"}]},{"@type":"WebSite","@id":"https:\/\/islandswithz.com\/#website","url":"https:\/\/islandswithz.com\/","name":"Islands with Z","description":"Podr\u00f3\u017ce na Filipiny","publisher":{"@id":"https:\/\/islandswithz.com\/#organization"},"potentialAction":[{"@type":"SearchAction","target":{"@type":"EntryPoint","urlTemplate":"https:\/\/islandswithz.com\/?s={search_term_string}"},"query-input":{"@type":"PropertyValueSpecification","valueRequired":true,"valueName":"search_term_string"}}],"inLanguage":"en-GB"},{"@type":"Organization","@id":"https:\/\/islandswithz.com\/#organization","name":"Islands with Z","url":"https:\/\/islandswithz.com\/","logo":{"@type":"ImageObject","inLanguage":"en-GB","@id":"https:\/\/islandswithz.com\/#\/schema\/logo\/image\/","url":"https:\/\/i0.wp.com\/islandswithz.com\/wp-content\/uploads\/2024\/05\/cropped-Islands-With-Z.png?fit=512%2C512&ssl=1","contentUrl":"https:\/\/i0.wp.com\/islandswithz.com\/wp-content\/uploads\/2024\/05\/cropped-Islands-With-Z.png?fit=512%2C512&ssl=1","width":512,"height":512,"caption":"Islands with Z"},"image":{"@id":"https:\/\/islandswithz.com\/#\/schema\/logo\/image\/"},"sameAs":["https:\/\/www.facebook.com\/islands.with.z","https:\/\/www.tiktok.com\/@islandswithz","https:\/\/www.youtube.com\/@IslandswithZ","https:\/\/www.instagram.com\/islands.with.z"]}]}},"jetpack_sharing_enabled":true,"_links":{"self":[{"href":"https:\/\/islandswithz.com\/en\/wp-json\/wp\/v2\/pages\/463"}],"collection":[{"href":"https:\/\/islandswithz.com\/en\/wp-json\/wp\/v2\/pages"}],"about":[{"href":"https:\/\/islandswithz.com\/en\/wp-json\/wp\/v2\/types\/page"}],"author":[{"embeddable":true,"href":"https:\/\/islandswithz.com\/en\/wp-json\/wp\/v2\/users\/1"}],"replies":[{"embeddable":true,"href":"https:\/\/islandswithz.com\/en\/wp-json\/wp\/v2\/comments?post=463"}],"version-history":[{"count":21,"href":"https:\/\/islandswithz.com\/en\/wp-json\/wp\/v2\/pages\/463\/revisions"}],"predecessor-version":[{"id":786,"href":"https:\/\/islandswithz.com\/en\/wp-json\/wp\/v2\/pages\/463\/revisions\/786"}],"wp:attachment":[{"href":"https:\/\/islandswithz.com\/en\/wp-json\/wp\/v2\/media?parent=463"}],"curies":[{"name":"wp","href":"https:\/\/api.w.org\/{rel}","templated":true}]}}