{"id":3,"date":"2024-04-21T12:11:52","date_gmt":"2024-04-21T12:11:52","guid":{"rendered":"http:\/\/islandswithz.com\/?page_id=3"},"modified":"2024-10-23T12:53:58","modified_gmt":"2024-10-23T12:53:58","slug":"privacy-policy","status":"publish","type":"page","link":"https:\/\/islandswithz.com\/en\/privacy-policy\/","title":{"rendered":"Privacy policy"},"content":{"rendered":"<p><\/p><h2 class=\"wp-block-heading\"><br><strong>Administrator danych osobowych<\/strong><\/h2><p>Administratorem danych jest Islands.With.Z Events Management Services, Adres: Metrogate 2, Block 70 Lot 08 29th Street Phase 2, Marilao, 3019 Bulacan, Philippines, Business Name No.6316668. Ochrona danych odbywa si\u0119 zgodnie z wymogami powszechnie obowi\u0105zuj\u0105cych przepis\u00f3w prawa, a ich przechowywanie ma miejsce na zabezpieczonych serwerach.<\/p><h2 class=\"wp-block-heading\"><br>Podstawa prawna przetwarzania<\/h2><p><br>Twoje dane osobowe s\u0105 przetwarzane na podstawie:<\/p><p>\u201eRODO\u201d, Rozporz\u0105dzenia Parlamentu Europejskiego i Rady (UE) 2016\/679 z dnia 27 kwietnia 2016 r. w sprawie ochrony os\u00f3b fizycznych w zwi\u0105zku z przetwarzaniem danych osobowych i w sprawie swobodnego przep\u0142ywu takich danych oraz uchylenia dyrektywy 95\/46\/WE.<\/p><h2 class=\"wp-block-heading\"><br>Cele przetwarzania danych<\/h2><p>&#8211; Organizacji i prowadzenia warsztat\u00f3w.<\/p><p>&#8211; Kontaktowania si\u0119 z uczestnikami w sprawach zwi\u0105zanych z warsztatami.<\/p><p>&#8211; Realizacji obowi\u0105zk\u00f3w prawnych, w tym zwi\u0105zanych z ksi\u0119gowo\u015bci\u0105.<\/p><h2 class=\"wp-block-heading\"><br>Rodzaje przetwarzanych danych<\/h2><h3 class=\"wp-block-heading\" id=\"komentarze\">Zakup miejsca na warsztatach<\/h3><p>Kiedy odwiedzaj\u0105c witryn\u0119 kupujesz miejsce na warsztatach, zbieramy dane widoczne w formularzu sprzeda\u017cowym. Dane te\u00a0s\u0105\u00a0wykorzystywane tylko i\u00a0wy\u0142\u0105cznie\u00a0w celu potwierdzenia rezerwacji miejsca na warsztatach oraz do kontaktu w sprawie warsztat\u00f3w.<\/p><h3 class=\"wp-block-heading\">Newsletter<\/h3><p>Zapisuj\u0105c si\u0119 do Newslettera udost\u0119pniasz nam sw\u00f3j adres email.<\/p><h3 class=\"wp-block-heading\">Komentarze<\/h3><p>Gdy odwiedzaj\u0105cy zostawiaj\u0105 komentarze na stronie, zbieramy dane wy\u015bwietlane w formularzu komentarzy, a tak\u017ce adres IP odwiedzaj\u0105cego i ci\u0105g agenta u\u017cytkownika przegl\u0105darki, aby pom\u00f3c w wykrywaniu spamu.<\/p><p>Zanonimizowany ci\u0105g utworzony z Twojego adresu e-mail (nazywany r\u00f3wnie\u017c hashem) mo\u017ce zosta\u0107 przekazany do us\u0142ugi Gravatar, aby sprawdzi\u0107, czy jej u\u017cywasz. Polityka prywatno\u015bci us\u0142ugi Gravatar jest dost\u0119pna tutaj: https:\/\/automattic.com\/privacy\/. Po zatwierdzeniu Twojego komentarza Twoje zdj\u0119cie profilowe jest widoczne publicznie w kontek\u015bcie Twojego komentarza.<\/p><h3 class=\"wp-block-heading\">Media<\/h3><p>Je\u015bli przesy\u0142asz obrazy na stron\u0119 internetow\u0105, powiniene\u015b unika\u0107 przesy\u0142ania obraz\u00f3w z osadzonymi danymi lokalizacji (EXIF GPS). Odwiedzaj\u0105cy stron\u0119 internetow\u0105 mog\u0105 pobra\u0107 i wyodr\u0119bni\u0107 wszelkie dane lokalizacji z obraz\u00f3w na stronie internetowej.<\/p><h3 class=\"wp-block-heading\">Ciasteczka<\/h3><p>Je\u015bli zostawisz komentarz na naszej stronie, mo\u017cesz wyrazi\u0107 zgod\u0119 na zapisanie swojego imienia, adresu e-mail i witryny w plikach cookie. S\u0105 one dla Twojej wygody, aby\u015b nie musia\u0142 ponownie wype\u0142nia\u0107 swoich danych, gdy zostawisz kolejny komentarz. Te pliki cookie b\u0119d\u0105 wa\u017cne przez rok.<\/p><p>Je\u015bli odwiedzisz nasz\u0105 stron\u0119 logowania, ustawimy tymczasowy plik cookie, aby sprawdzi\u0107, czy Twoja przegl\u0105darka akceptuje pliki cookie. Ten plik cookie nie zawiera \u017cadnych danych osobowych i jest usuwany po zamkni\u0119ciu przegl\u0105darki.<\/p><p>Kiedy si\u0119 zalogujesz, ustawimy r\u00f3wnie\u017c kilka plik\u00f3w cookie, aby zapisa\u0107 Twoje dane logowania i wybrane opcje wy\u015bwietlania ekranu. Pliki cookie logowania s\u0105 wa\u017cne przez dwa dni, a pliki cookie opcji ekranu s\u0105 wa\u017cne przez rok. Je\u015bli wybierzesz opcj\u0119 \u201eZapami\u0119taj mnie\u201d, Twoje logowanie b\u0119dzie trwa\u0142o dwa tygodnie. Je\u015bli wylogujesz si\u0119 ze swojego konta, pliki cookie logowania zostan\u0105 usuni\u0119te.<\/p><p>Je\u015bli edytujesz lub publikujesz artyku\u0142, w Twojej przegl\u0105darce zostanie zapisany dodatkowy plik cookie. Ten plik cookie nie zawiera \u017cadnych danych osobowych i po prostu wskazuje identyfikator posta artyku\u0142u, kt\u00f3ry w\u0142a\u015bnie edytowa\u0142e\u015b. Wygasa po 1 dniu.<\/p><p>Wi\u0119cej informacji o <a href=\"https:\/\/islandswithz.com\/en\/privacy-policy-cookies\/\">Polityce Prywatno\u015bci Cookies<\/a>.<\/p><h3 class=\"wp-block-heading\">Osadzone tre\u015bci z innych witryn internetowych<\/h3><p>Artyku\u0142y na tej stronie mog\u0105 zawiera\u0107 osadzone tre\u015bci (np. filmy, obrazy, artyku\u0142y itp.). Osadzone tre\u015bci z innych stron internetowych zachowuj\u0105 si\u0119 dok\u0142adnie tak samo, jakby odwiedzaj\u0105cy odwiedzi\u0142 inn\u0105 stron\u0119 internetow\u0105.<\/p><p>Te strony internetowe mog\u0105 zbiera\u0107 dane o Tobie, u\u017cywa\u0107 plik\u00f3w cookie, osadza\u0107 dodatkowe \u015bledzenie stron trzecich i monitorowa\u0107 Twoj\u0105 interakcj\u0119 z t\u0105 osadzon\u0105 tre\u015bci\u0105, w tym \u015bledzi\u0107 Twoj\u0105 interakcj\u0119 z osadzon\u0105 tre\u015bci\u0105, je\u015bli masz konto i jeste\u015b zalogowany na tej stronie internetowej.<\/p><h2 class=\"wp-block-heading\">Z kim dzielimy si\u0119 Twoimi danymi<\/h2><p>Je\u015bli poprosisz o zresetowanie has\u0142a, Tw\u00f3j adres IP zostanie uwzgl\u0119dniony w wiadomo\u015bci e-mail z resetem has\u0142a.<\/p><p>Mamy prawo udost\u0119pnia\u0107 dane osobowe U\u017cytkownika oraz innych jego danych podmiotom upowa\u017cnionym na podstawie w\u0142a\u015bciwych przepis\u00f3w prawa (np. organom \u015bcigania).<\/p><p>Nie udost\u0119pniamy danych osobowych innym podmiotom ani\u017celi upowa\u017cnionym na podstawie w\u0142a\u015bciwych przepis\u00f3w prawa.<\/p><h2 class=\"wp-block-heading\">Jak d\u0142ugo przechowujemy Twoje dane<\/h2><p><br>Twoje dane osobowe b\u0119d\u0105 przechowywane przez okres niezb\u0119dny do realizacji cel\u00f3w, dla kt\u00f3rych zosta\u0142y zebrane, a po tym okresie b\u0119d\u0105 archiwizowane zgodnie z przepisami prawa.<\/p><p>Je\u015bli zostawisz komentarz, komentarz i jego metadane zostan\u0105 zachowane na czas nieokre\u015blony. Dzi\u0119ki temu mo\u017cemy automatycznie rozpoznawa\u0107 i zatwierdza\u0107 wszelkie komentarze uzupe\u0142niaj\u0105ce zamiast trzyma\u0107 je w kolejce moderacji.<\/p><p>W przypadku u\u017cytkownik\u00f3w, kt\u00f3rzy rejestruj\u0105 si\u0119 na naszej stronie internetowej (je\u015bli tacy s\u0105), przechowujemy r\u00f3wnie\u017c dane osobowe, kt\u00f3re podaj\u0105 w swoim profilu u\u017cytkownika. Wszyscy u\u017cytkownicy mog\u0105 w ka\u017cdej chwili zobaczy\u0107, edytowa\u0107 lub usun\u0105\u0107 swoje dane osobowe (z wyj\u0105tkiem tego, \u017ce nie mog\u0105 zmieni\u0107 swojej nazwy u\u017cytkownika). Administratorzy strony internetowej mog\u0105 r\u00f3wnie\u017c zobaczy\u0107 i edytowa\u0107 te informacje.<\/p><p>W przypadku zakupu miejsca na Warsztatach dane osobowe przetwarzane b\u0119d\u0105 przez czas niezb\u0119dny do zapewnienia mo\u017cliwo\u015bci uczestnictwa w warsztatach. <\/p><p>W przypadku zapisu do newslettera, dane te b\u0119d\u0105 przetwarzane do czasu anulowania subskrypcji.<\/p><h2 class=\"wp-block-heading\">Jakie prawa masz do swoich danych<\/h2><p>Masz prawo do:<\/p><p>&#8211; Dost\u0119pu do swoich danych osobowych.<\/p><p>&#8211; Sprostowania danych, je\u015bli s\u0105 one nieprawid\u0142owe lub niekompletne.<\/p><p>&#8211; Usuni\u0119cia danych (&#8220;prawo do bycia zapomnianym&#8221;).<\/p><p>&#8211; Ograniczenia przetwarzania danych.<\/p><p>&#8211; Przenoszenia danych.<\/p><p>&#8211; Cofni\u0119cia zgody na przetwarzanie danych w dowolnym momencie.<\/p><p>Je\u015bli masz konto na tej stronie lub zostawi\u0142e\u015b komentarze, mo\u017cesz poprosi\u0107 o otrzymanie wyeksportowanego pliku danych osobowych, kt\u00f3re o Tobie posiadamy, w tym wszelkich danych, kt\u00f3re nam przekaza\u0142e\u015b. Mo\u017cesz r\u00f3wnie\u017c poprosi\u0107 o usuni\u0119cie wszelkich danych osobowych, kt\u00f3re o Tobie posiadamy. Nie obejmuje to \u017cadnych danych, kt\u00f3re jeste\u015bmy zobowi\u0105zani przechowywa\u0107 w celach administracyjnych, prawnych lub bezpiecze\u0144stwa.<\/p><p>Usuni\u0119cie danych osobowych mo\u017ce nast\u0105pi\u0107 na skutek cofni\u0119cia zgody b\u0105d\u017a wniesienia prawnie dopuszczalnego sprzeciwu na przetwarzanie danych osobowych.<\/p><p>Zastrzegamy sobie prawo do przetwarzania danych po cofni\u0119ciu zgody tylko w zakresie na potrzeby dochodzenia ewentualnych roszcze\u0144 przed s\u0105dem lub je\u017celi przepisy krajowe albo unijne b\u0105d\u017a\u00a0prawa mi\u0119dzynarodowego obliguj\u0105 nas do retencji danych.<\/p><p>Kontakt poprzez email: <a href=\"mailto:islandswithz@gmail.com\">islandswithz@gmail.com<\/a><\/p><h2 class=\"wp-block-heading\">Gdzie s\u0105 wysy\u0142ane Twoje dane<\/h2><p>Komentarze go\u015bci mog\u0105 by\u0107 sprawdzane za pomoc\u0105 automatycznej us\u0142ugi wykrywania spamu.<\/p><p><\/p><h2 class=\"wp-block-heading\"><br><strong>Zgoda na wykorzystanie wizerunku<\/strong><\/h2><p>Uczestnicz\u0105c w warsztatach, wyra\u017casz zgod\u0119 na wykorzystanie swojego wizerunku w materia\u0142ach promocyjnych zwi\u0105zanych z warsztatem, w tym zdj\u0119ciach i filmach. Materia\u0142y te mog\u0105 by\u0107 wykorzystywane na r\u00f3\u017cnych platformach, takich jak media spo\u0142eczno\u015bciowe, strony internetowe i publikacje promocyjne.<\/p><h2 class=\"wp-block-heading\"><br>Zmiany w polityce prywatno\u015bci<\/h2><p><br>Zastrzegamy sobie prawo do wprowadzania zmian w niniejszej polityce prywatno\u015bci. O wszelkich zmianach poinformujemy Ci\u0119 za po\u015brednictwem e-maila lub poprzez og\u0142oszenie na stronie internetowej.<\/p><p><\/p>","protected":false},"excerpt":{"rendered":"<p>Administrator danych osobowych Administratorem danych jest Islands.With.Z Events Management Services, Adres: Metrogate 2, Block 70 Lot 08 29th Street Phase 2, Marilao, 3019 Bulacan, Philippines, Business Name No.6316668. Ochrona danych&hellip;<\/p>","protected":false},"author":1,"featured_media":0,"parent":0,"menu_order":0,"comment_status":"closed","ping_status":"open","template":"","meta":{"jetpack_post_was_ever_published":false,"footnotes":""},"class_list":["post-3","page","type-page","status-publish","hentry"],"yoast_head":"<!-- This site is optimized with the Yoast SEO plugin v24.8.1 - https:\/\/yoast.com\/wordpress\/plugins\/seo\/ -->\n<title>Polityka Prywatno\u015bci - Islands with Z<\/title>\n<meta name=\"robots\" content=\"index, follow, max-snippet:-1, max-image-preview:large, max-video-preview:-1\" \/>\n<link rel=\"canonical\" href=\"https:\/\/islandswithz.com\/en\/privacy-policy\/\" \/>\n<meta property=\"og:locale\" content=\"en_GB\" \/>\n<meta property=\"og:type\" content=\"article\" \/>\n<meta property=\"og:title\" content=\"Polityka Prywatno\u015bci - Islands with Z\" \/>\n<meta property=\"og:description\" content=\"Administrator danych osobowych Administratorem danych jest Islands.With.Z Events Management Services, Adres: Metrogate 2, Block 70 Lot 08 29th Street Phase 2, Marilao, 3019 Bulacan, Philippines, Business Name No.6316668. Ochrona danych&hellip;\" \/>\n<meta property=\"og:url\" content=\"https:\/\/islandswithz.com\/en\/privacy-policy\/\" \/>\n<meta property=\"og:site_name\" content=\"Islands with Z\" \/>\n<meta property=\"article:publisher\" content=\"https:\/\/www.facebook.com\/islands.with.z\" \/>\n<meta property=\"article:modified_time\" content=\"2024-10-23T12:53:58+00:00\" \/>\n<meta name=\"twitter:card\" content=\"summary_large_image\" \/>\n<meta name=\"twitter:label1\" content=\"Estimated reading time\" \/>\n\t<meta name=\"twitter:data1\" content=\"6 minutes\" \/>\n<script type=\"application\/ld+json\" class=\"yoast-schema-graph\">{\"@context\":\"https:\/\/schema.org\",\"@graph\":[{\"@type\":\"WebPage\",\"@id\":\"https:\/\/islandswithz.com\/privacy-policy\/\",\"url\":\"https:\/\/islandswithz.com\/privacy-policy\/\",\"name\":\"Polityka Prywatno\u015bci - Islands with Z\",\"isPartOf\":{\"@id\":\"https:\/\/islandswithz.com\/#website\"},\"datePublished\":\"2024-04-21T12:11:52+00:00\",\"dateModified\":\"2024-10-23T12:53:58+00:00\",\"breadcrumb\":{\"@id\":\"https:\/\/islandswithz.com\/privacy-policy\/#breadcrumb\"},\"inLanguage\":\"en-GB\",\"potentialAction\":[{\"@type\":\"ReadAction\",\"target\":[\"https:\/\/islandswithz.com\/privacy-policy\/\"]}]},{\"@type\":\"BreadcrumbList\",\"@id\":\"https:\/\/islandswithz.com\/privacy-policy\/#breadcrumb\",\"itemListElement\":[{\"@type\":\"ListItem\",\"position\":1,\"name\":\"Home\",\"item\":\"https:\/\/islandswithz.com\/\"},{\"@type\":\"ListItem\",\"position\":2,\"name\":\"Polityka Prywatno\u015bci\"}]},{\"@type\":\"WebSite\",\"@id\":\"https:\/\/islandswithz.com\/#website\",\"url\":\"https:\/\/islandswithz.com\/\",\"name\":\"Islands with Z\",\"description\":\"Podr\u00f3\u017ce na Filipiny\",\"publisher\":{\"@id\":\"https:\/\/islandswithz.com\/#organization\"},\"potentialAction\":[{\"@type\":\"SearchAction\",\"target\":{\"@type\":\"EntryPoint\",\"urlTemplate\":\"https:\/\/islandswithz.com\/?s={search_term_string}\"},\"query-input\":{\"@type\":\"PropertyValueSpecification\",\"valueRequired\":true,\"valueName\":\"search_term_string\"}}],\"inLanguage\":\"en-GB\"},{\"@type\":\"Organization\",\"@id\":\"https:\/\/islandswithz.com\/#organization\",\"name\":\"Islands with Z\",\"url\":\"https:\/\/islandswithz.com\/\",\"logo\":{\"@type\":\"ImageObject\",\"inLanguage\":\"en-GB\",\"@id\":\"https:\/\/islandswithz.com\/#\/schema\/logo\/image\/\",\"url\":\"https:\/\/i0.wp.com\/islandswithz.com\/wp-content\/uploads\/2024\/05\/cropped-Islands-With-Z.png?fit=512%2C512&ssl=1\",\"contentUrl\":\"https:\/\/i0.wp.com\/islandswithz.com\/wp-content\/uploads\/2024\/05\/cropped-Islands-With-Z.png?fit=512%2C512&ssl=1\",\"width\":512,\"height\":512,\"caption\":\"Islands with Z\"},\"image\":{\"@id\":\"https:\/\/islandswithz.com\/#\/schema\/logo\/image\/\"},\"sameAs\":[\"https:\/\/www.facebook.com\/islands.with.z\",\"https:\/\/www.tiktok.com\/@islandswithz\",\"https:\/\/www.youtube.com\/@IslandswithZ\",\"https:\/\/www.instagram.com\/islands.with.z\"]}]}<\/script>\n<!-- \/ Yoast SEO plugin. -->","yoast_head_json":{"title":"Polityka Prywatno\u015bci - Islands with Z","robots":{"index":"index","follow":"follow","max-snippet":"max-snippet:-1","max-image-preview":"max-image-preview:large","max-video-preview":"max-video-preview:-1"},"canonical":"https:\/\/islandswithz.com\/en\/privacy-policy\/","og_locale":"en_GB","og_type":"article","og_title":"Polityka Prywatno\u015bci - Islands with Z","og_description":"Administrator danych osobowych Administratorem danych jest Islands.With.Z Events Management Services, Adres: Metrogate 2, Block 70 Lot 08 29th Street Phase 2, Marilao, 3019 Bulacan, Philippines, Business Name No.6316668. Ochrona danych&hellip;","og_url":"https:\/\/islandswithz.com\/en\/privacy-policy\/","og_site_name":"Islands with Z","article_publisher":"https:\/\/www.facebook.com\/islands.with.z","article_modified_time":"2024-10-23T12:53:58+00:00","twitter_card":"summary_large_image","twitter_misc":{"Estimated reading time":"6 minutes"},"schema":{"@context":"https:\/\/schema.org","@graph":[{"@type":"WebPage","@id":"https:\/\/islandswithz.com\/privacy-policy\/","url":"https:\/\/islandswithz.com\/privacy-policy\/","name":"Polityka Prywatno\u015bci - Islands with Z","isPartOf":{"@id":"https:\/\/islandswithz.com\/#website"},"datePublished":"2024-04-21T12:11:52+00:00","dateModified":"2024-10-23T12:53:58+00:00","breadcrumb":{"@id":"https:\/\/islandswithz.com\/privacy-policy\/#breadcrumb"},"inLanguage":"en-GB","potentialAction":[{"@type":"ReadAction","target":["https:\/\/islandswithz.com\/privacy-policy\/"]}]},{"@type":"BreadcrumbList","@id":"https:\/\/islandswithz.com\/privacy-policy\/#breadcrumb","itemListElement":[{"@type":"ListItem","position":1,"name":"Home","item":"https:\/\/islandswithz.com\/"},{"@type":"ListItem","position":2,"name":"Polityka Prywatno\u015bci"}]},{"@type":"WebSite","@id":"https:\/\/islandswithz.com\/#website","url":"https:\/\/islandswithz.com\/","name":"Islands with Z","description":"Podr\u00f3\u017ce na Filipiny","publisher":{"@id":"https:\/\/islandswithz.com\/#organization"},"potentialAction":[{"@type":"SearchAction","target":{"@type":"EntryPoint","urlTemplate":"https:\/\/islandswithz.com\/?s={search_term_string}"},"query-input":{"@type":"PropertyValueSpecification","valueRequired":true,"valueName":"search_term_string"}}],"inLanguage":"en-GB"},{"@type":"Organization","@id":"https:\/\/islandswithz.com\/#organization","name":"Islands with Z","url":"https:\/\/islandswithz.com\/","logo":{"@type":"ImageObject","inLanguage":"en-GB","@id":"https:\/\/islandswithz.com\/#\/schema\/logo\/image\/","url":"https:\/\/i0.wp.com\/islandswithz.com\/wp-content\/uploads\/2024\/05\/cropped-Islands-With-Z.png?fit=512%2C512&ssl=1","contentUrl":"https:\/\/i0.wp.com\/islandswithz.com\/wp-content\/uploads\/2024\/05\/cropped-Islands-With-Z.png?fit=512%2C512&ssl=1","width":512,"height":512,"caption":"Islands with Z"},"image":{"@id":"https:\/\/islandswithz.com\/#\/schema\/logo\/image\/"},"sameAs":["https:\/\/www.facebook.com\/islands.with.z","https:\/\/www.tiktok.com\/@islandswithz","https:\/\/www.youtube.com\/@IslandswithZ","https:\/\/www.instagram.com\/islands.with.z"]}]}},"jetpack_sharing_enabled":true,"_links":{"self":[{"href":"https:\/\/islandswithz.com\/en\/wp-json\/wp\/v2\/pages\/3"}],"collection":[{"href":"https:\/\/islandswithz.com\/en\/wp-json\/wp\/v2\/pages"}],"about":[{"href":"https:\/\/islandswithz.com\/en\/wp-json\/wp\/v2\/types\/page"}],"author":[{"embeddable":true,"href":"https:\/\/islandswithz.com\/en\/wp-json\/wp\/v2\/users\/1"}],"replies":[{"embeddable":true,"href":"https:\/\/islandswithz.com\/en\/wp-json\/wp\/v2\/comments?post=3"}],"version-history":[{"count":7,"href":"https:\/\/islandswithz.com\/en\/wp-json\/wp\/v2\/pages\/3\/revisions"}],"predecessor-version":[{"id":546,"href":"https:\/\/islandswithz.com\/en\/wp-json\/wp\/v2\/pages\/3\/revisions\/546"}],"wp:attachment":[{"href":"https:\/\/islandswithz.com\/en\/wp-json\/wp\/v2\/media?parent=3"}],"curies":[{"name":"wp","href":"https:\/\/api.w.org\/{rel}","templated":true}]}}