{"id":106,"date":"2024-06-08T11:37:19","date_gmt":"2024-06-08T11:37:19","guid":{"rendered":"http:\/\/islandswithz.com\/?page_id=106"},"modified":"2024-08-03T13:42:38","modified_gmt":"2024-08-03T13:42:38","slug":"strona-glowna","status":"publish","type":"page","link":"https:\/\/islandswithz.com\/en\/","title":{"rendered":"Homepage"},"content":{"rendered":"","protected":false},"excerpt":{"rendered":"","protected":false},"author":1,"featured_media":0,"parent":0,"menu_order":0,"comment_status":"closed","ping_status":"closed","template":"","meta":{"jetpack_post_was_ever_published":false,"footnotes":""},"class_list":["post-106","page","type-page","status-publish","hentry"],"yoast_head":"<!-- This site is optimized with the Yoast SEO plugin v24.8.1 - https:\/\/yoast.com\/wordpress\/plugins\/seo\/ -->\n<title>Strona G\u0142\u00f3wna - Islands with Z<\/title>\n<meta name=\"description\" content=\"Zabierzemy Ci\u0119 w niezapomnian\u0105 podr\u00f3\u017c do raju. Poznaj kultur\u0119 i zwyczaje Filipi\u0144czyk\u00f3w z Filipi\u0144czykiem i Polk\u0105.\" \/>\n<meta name=\"robots\" content=\"index, follow, max-snippet:-1, max-image-preview:large, max-video-preview:-1\" \/>\n<link rel=\"canonical\" href=\"https:\/\/islandswithz.com\/en\/\" \/>\n<meta property=\"og:locale\" content=\"en_GB\" \/>\n<meta property=\"og:type\" content=\"article\" \/>\n<meta property=\"og:title\" content=\"Strona G\u0142\u00f3wna - Islands with Z\" \/>\n<meta property=\"og:description\" content=\"Zabierzemy Ci\u0119 w niezapomnian\u0105 podr\u00f3\u017c do raju. Poznaj kultur\u0119 i zwyczaje Filipi\u0144czyk\u00f3w z Filipi\u0144czykiem i Polk\u0105.\" \/>\n<meta property=\"og:url\" content=\"https:\/\/islandswithz.com\/en\/\" \/>\n<meta property=\"og:site_name\" content=\"Islands with Z\" \/>\n<meta property=\"article:publisher\" content=\"https:\/\/www.facebook.com\/islands.with.z\" \/>\n<meta property=\"article:modified_time\" content=\"2024-08-03T13:42:38+00:00\" \/>\n<meta name=\"twitter:card\" content=\"summary_large_image\" \/>\n<script type=\"application\/ld+json\" class=\"yoast-schema-graph\">{\"@context\":\"https:\/\/schema.org\",\"@graph\":[{\"@type\":\"WebPage\",\"@id\":\"https:\/\/islandswithz.com\/\",\"url\":\"https:\/\/islandswithz.com\/\",\"name\":\"Strona G\u0142\u00f3wna - Islands with Z\",\"isPartOf\":{\"@id\":\"https:\/\/islandswithz.com\/#website\"},\"datePublished\":\"2024-06-08T11:37:19+00:00\",\"dateModified\":\"2024-08-03T13:42:38+00:00\",\"description\":\"Zabierzemy Ci\u0119 w niezapomnian\u0105 podr\u00f3\u017c do raju. Poznaj kultur\u0119 i zwyczaje Filipi\u0144czyk\u00f3w z Filipi\u0144czykiem i Polk\u0105.\",\"breadcrumb\":{\"@id\":\"https:\/\/islandswithz.com\/#breadcrumb\"},\"inLanguage\":\"en-GB\",\"potentialAction\":[{\"@type\":\"ReadAction\",\"target\":[\"https:\/\/islandswithz.com\/\"]}]},{\"@type\":\"BreadcrumbList\",\"@id\":\"https:\/\/islandswithz.com\/#breadcrumb\",\"itemListElement\":[{\"@type\":\"ListItem\",\"position\":1,\"name\":\"Home\",\"item\":\"https:\/\/islandswithz.com\/\"},{\"@type\":\"ListItem\",\"position\":2,\"name\":\"Strona G\u0142\u00f3wna\"}]},{\"@type\":\"WebSite\",\"@id\":\"https:\/\/islandswithz.com\/#website\",\"url\":\"https:\/\/islandswithz.com\/\",\"name\":\"Islands with Z\",\"description\":\"Podr\u00f3\u017ce na Filipiny\",\"publisher\":{\"@id\":\"https:\/\/islandswithz.com\/#organization\"},\"potentialAction\":[{\"@type\":\"SearchAction\",\"target\":{\"@type\":\"EntryPoint\",\"urlTemplate\":\"https:\/\/islandswithz.com\/?s={search_term_string}\"},\"query-input\":{\"@type\":\"PropertyValueSpecification\",\"valueRequired\":true,\"valueName\":\"search_term_string\"}}],\"inLanguage\":\"en-GB\"},{\"@type\":\"Organization\",\"@id\":\"https:\/\/islandswithz.com\/#organization\",\"name\":\"Islands with Z\",\"url\":\"https:\/\/islandswithz.com\/\",\"logo\":{\"@type\":\"ImageObject\",\"inLanguage\":\"en-GB\",\"@id\":\"https:\/\/islandswithz.com\/#\/schema\/logo\/image\/\",\"url\":\"https:\/\/i0.wp.com\/islandswithz.com\/wp-content\/uploads\/2024\/05\/cropped-Islands-With-Z.png?fit=512%2C512&ssl=1\",\"contentUrl\":\"https:\/\/i0.wp.com\/islandswithz.com\/wp-content\/uploads\/2024\/05\/cropped-Islands-With-Z.png?fit=512%2C512&ssl=1\",\"width\":512,\"height\":512,\"caption\":\"Islands with Z\"},\"image\":{\"@id\":\"https:\/\/islandswithz.com\/#\/schema\/logo\/image\/\"},\"sameAs\":[\"https:\/\/www.facebook.com\/islands.with.z\",\"https:\/\/www.tiktok.com\/@islandswithz\",\"https:\/\/www.youtube.com\/@IslandswithZ\",\"https:\/\/www.instagram.com\/islands.with.z\"]}]}<\/script>\n<!-- \/ Yoast SEO plugin. -->","yoast_head_json":{"title":"Strona G\u0142\u00f3wna - Islands with Z","description":"Zabierzemy Ci\u0119 w niezapomnian\u0105 podr\u00f3\u017c do raju. Poznaj kultur\u0119 i zwyczaje Filipi\u0144czyk\u00f3w z Filipi\u0144czykiem i Polk\u0105.","robots":{"index":"index","follow":"follow","max-snippet":"max-snippet:-1","max-image-preview":"max-image-preview:large","max-video-preview":"max-video-preview:-1"},"canonical":"https:\/\/islandswithz.com\/en\/","og_locale":"en_GB","og_type":"article","og_title":"Strona G\u0142\u00f3wna - Islands with Z","og_description":"Zabierzemy Ci\u0119 w niezapomnian\u0105 podr\u00f3\u017c do raju. Poznaj kultur\u0119 i zwyczaje Filipi\u0144czyk\u00f3w z Filipi\u0144czykiem i Polk\u0105.","og_url":"https:\/\/islandswithz.com\/en\/","og_site_name":"Islands with Z","article_publisher":"https:\/\/www.facebook.com\/islands.with.z","article_modified_time":"2024-08-03T13:42:38+00:00","twitter_card":"summary_large_image","schema":{"@context":"https:\/\/schema.org","@graph":[{"@type":"WebPage","@id":"https:\/\/islandswithz.com\/","url":"https:\/\/islandswithz.com\/","name":"Strona G\u0142\u00f3wna - Islands with Z","isPartOf":{"@id":"https:\/\/islandswithz.com\/#website"},"datePublished":"2024-06-08T11:37:19+00:00","dateModified":"2024-08-03T13:42:38+00:00","description":"Zabierzemy Ci\u0119 w niezapomnian\u0105 podr\u00f3\u017c do raju. Poznaj kultur\u0119 i zwyczaje Filipi\u0144czyk\u00f3w z Filipi\u0144czykiem i Polk\u0105.","breadcrumb":{"@id":"https:\/\/islandswithz.com\/#breadcrumb"},"inLanguage":"en-GB","potentialAction":[{"@type":"ReadAction","target":["https:\/\/islandswithz.com\/"]}]},{"@type":"BreadcrumbList","@id":"https:\/\/islandswithz.com\/#breadcrumb","itemListElement":[{"@type":"ListItem","position":1,"name":"Home","item":"https:\/\/islandswithz.com\/"},{"@type":"ListItem","position":2,"name":"Strona G\u0142\u00f3wna"}]},{"@type":"WebSite","@id":"https:\/\/islandswithz.com\/#website","url":"https:\/\/islandswithz.com\/","name":"Islands with Z","description":"Podr\u00f3\u017ce na Filipiny","publisher":{"@id":"https:\/\/islandswithz.com\/#organization"},"potentialAction":[{"@type":"SearchAction","target":{"@type":"EntryPoint","urlTemplate":"https:\/\/islandswithz.com\/?s={search_term_string}"},"query-input":{"@type":"PropertyValueSpecification","valueRequired":true,"valueName":"search_term_string"}}],"inLanguage":"en-GB"},{"@type":"Organization","@id":"https:\/\/islandswithz.com\/#organization","name":"Islands with Z","url":"https:\/\/islandswithz.com\/","logo":{"@type":"ImageObject","inLanguage":"en-GB","@id":"https:\/\/islandswithz.com\/#\/schema\/logo\/image\/","url":"https:\/\/i0.wp.com\/islandswithz.com\/wp-content\/uploads\/2024\/05\/cropped-Islands-With-Z.png?fit=512%2C512&ssl=1","contentUrl":"https:\/\/i0.wp.com\/islandswithz.com\/wp-content\/uploads\/2024\/05\/cropped-Islands-With-Z.png?fit=512%2C512&ssl=1","width":512,"height":512,"caption":"Islands with Z"},"image":{"@id":"https:\/\/islandswithz.com\/#\/schema\/logo\/image\/"},"sameAs":["https:\/\/www.facebook.com\/islands.with.z","https:\/\/www.tiktok.com\/@islandswithz","https:\/\/www.youtube.com\/@IslandswithZ","https:\/\/www.instagram.com\/islands.with.z"]}]}},"jetpack_sharing_enabled":true,"_links":{"self":[{"href":"https:\/\/islandswithz.com\/en\/wp-json\/wp\/v2\/pages\/106"}],"collection":[{"href":"https:\/\/islandswithz.com\/en\/wp-json\/wp\/v2\/pages"}],"about":[{"href":"https:\/\/islandswithz.com\/en\/wp-json\/wp\/v2\/types\/page"}],"author":[{"embeddable":true,"href":"https:\/\/islandswithz.com\/en\/wp-json\/wp\/v2\/users\/1"}],"replies":[{"embeddable":true,"href":"https:\/\/islandswithz.com\/en\/wp-json\/wp\/v2\/comments?post=106"}],"version-history":[{"count":1,"href":"https:\/\/islandswithz.com\/en\/wp-json\/wp\/v2\/pages\/106\/revisions"}],"predecessor-version":[{"id":107,"href":"https:\/\/islandswithz.com\/en\/wp-json\/wp\/v2\/pages\/106\/revisions\/107"}],"wp:attachment":[{"href":"https:\/\/islandswithz.com\/en\/wp-json\/wp\/v2\/media?parent=106"}],"curies":[{"name":"wp","href":"https:\/\/api.w.org\/{rel}","templated":true}]}}